{"id":10,"date":"2025-05-11T12:08:20","date_gmt":"2025-05-11T12:08:20","guid":{"rendered":"https:\/\/sagedijital.com\/emlak\/ilanlar\/"},"modified":"2025-05-12T01:18:21","modified_gmt":"2025-05-12T01:18:21","slug":"ilanlar","status":"publish","type":"page","link":"https:\/\/sagedijital.com\/emlak\/ilanlar\/","title":{"rendered":"\u0130lanlar"},"content":{"rendered":"\t\t<div data-elementor-type=\"wp-page\" data-elementor-id=\"10\" class=\"elementor elementor-10\" data-elementor-post-type=\"page\">\n\t\t\t\t\t\t<section class=\"elementor-section elementor-top-section elementor-element elementor-element-5754f9c elementor-section-boxed elementor-section-height-default elementor-section-height-default\" data-id=\"5754f9c\" data-element_type=\"section\" data-settings=\"{&quot;background_background&quot;:&quot;gradient&quot;}\">\n\t\t\t\t\t\t<div class=\"elementor-container elementor-column-gap-default\">\n\t\t\t\t\t<div class=\"elementor-column elementor-col-100 elementor-top-column elementor-element elementor-element-04180db\" data-id=\"04180db\" data-element_type=\"column\">\n\t\t\t<div class=\"elementor-widget-wrap elementor-element-populated\">\n\t\t\t\t\t\t<div class=\"elementor-element elementor-element-9b57479 elementor-widget elementor-widget-heading\" data-id=\"9b57479\" data-element_type=\"widget\" data-widget_type=\"heading.default\">\n\t\t\t\t<div class=\"elementor-widget-container\">\n\t\t\t\t\t<h2 class=\"elementor-heading-title elementor-size-default\">\u0130lanlar<\/h2>\t\t\t\t<\/div>\n\t\t\t\t<\/div>\n\t\t\t\t\t<\/div>\n\t\t<\/div>\n\t\t\t\t\t<\/div>\n\t\t<\/section>\n\t\t\t\t<section class=\"elementor-section elementor-top-section elementor-element elementor-element-4bbe52c elementor-section-full_width elementor-section-stretched elementor-section-height-default elementor-section-height-default\" data-id=\"4bbe52c\" data-element_type=\"section\" data-settings=\"{&quot;stretch_section&quot;:&quot;section-stretched&quot;}\">\n\t\t\t\t\t\t<div class=\"elementor-container elementor-column-gap-default\">\n\t\t\t\t\t<div class=\"elementor-column elementor-col-100 elementor-top-column elementor-element elementor-element-3a18b57\" data-id=\"3a18b57\" data-element_type=\"column\">\n\t\t\t<div class=\"elementor-widget-wrap elementor-element-populated\">\n\t\t\t\t\t\t<div class=\"elementor-element elementor-element-bc59d70 elementor-widget elementor-widget-shortcode\" data-id=\"bc59d70\" data-element_type=\"widget\" data-widget_type=\"shortcode.default\">\n\t\t\t\t<div class=\"elementor-widget-container\">\n\t\t\t\t\t<style id=\"liste-bar-style\">\n    .liste-bar {\n        max-width: 1200px;\n        margin: 30px auto 25px;\n        padding: 14px 18px;\n        background: #fff;\n        border-radius: 16px;\n        box-shadow: 0 3px 14px rgba(0, 0, 0, .06);\n        display: flex;\n        gap: 10px;\n        flex-wrap: wrap;\n    }\n\n    .liste-bar input,\n    .liste-bar select {\n        padding: 10px 13px;\n        font-size: 14px;\n        border: 1px solid #d6d9de;\n        border-radius: 12px;\n        background: #fefefe;\n        flex: 1 1 180px;\n    }\n\n    .liste-bar .search-inp {\n        flex: 2 1 280px;\n    }\n\n    .liste-bar button {\n        background: var(--ilan-btn, #03B60A);\n        color: #fff;\n        padding: 10px 24px;\n        border: none;\n        border-radius: 12px;\n        font-weight: 600;\n        cursor: pointer;\n        transition: background .25s;\n    }\n\n    .liste-bar button:hover {\n        background: var(--ilan-btn-hov, #029509);\n    }\n\n@media (max-width: 600px) {\n  .liste-bar input,\n  .liste-bar select {\n    padding: 6px 10px !important;\n    font-size: 14px !important;\n    height: 42px !important;\n    line-height: 1.2 !important;\n  }\n\n  .liste-bar .search-inp {\n    flex: 1 1 auto !important;\n  }\n\n  .liste-bar button {\n    padding: 10px;\n    height: 44px !important;\n    font-size: 15px;\n  }\n<\/style>\n    \t\t<div class=\"elementor-shortcode\">    <!-- Arama \/ filtre bar\u0131 -->\n    <form method=\"get\" class=\"liste-bar\">\n        <input type=\"text\"  name=\"lis_q\"   value=\"\" class=\"search-inp\" placeholder=\"Kelime ara\u2026\">\n        <select name=\"lis_dur\">\n            <option value=\"\">Sat\u0131l\u0131k & Kiral\u0131k<\/option>\n            <option value=\"satilik\" >Sat\u0131l\u0131k<\/option>\n            <option value=\"kiralik\" >Kiral\u0131k<\/option>\n        <\/select>\n        <input type=\"text\"  name=\"lis_loc\" value=\"\" placeholder=\"Konum (\u00f6rn. Ankara)\">\n        <button type=\"submit\">Ara<\/button>\n    <\/form>\n    <div class=\"ilan-grid\">        <a href=\"https:\/\/sagedijital.com\/emlak\/ilan\/nagazaki\/\" class=\"ilan-karti\">\n            <div class=\"ilan-resmi\">\n                <img decoding=\"async\" src=\"https:\/\/sagedijital.com\/emlak\/wp-content\/uploads\/2025\/05\/Central-Japan-Nagano-Matsumoto-Castle-bigstock-1024x706.webp\" alt=\"Nagasaki Vadisi Kelepir Arsa\">\n                <div class=\"ilan-etiket satilik\">SATILIK<\/div>\n            <\/div>\n            <div class=\"ilan-detay\">\n                <div class=\"ilan-baslik\">Nagasaki Vadisi Kelepir Arsa<\/div>\n                <div class=\"ozellik\"><span>Fiyat:<\/span> 2.750.000 TL<\/div>                <div class=\"ozellik\"><span>Metrekare:<\/span> 222 m\u00b2<\/div>                <div class=\"ozellik\"><span>Kimden:<\/span> Galeriden<\/div>                <div class=\"ozellik\"><span>Konum:<\/span> Japonya<\/div>            <\/div>\n        <\/a>\n            <a href=\"https:\/\/sagedijital.com\/emlak\/ilan\/ankara-golbasinda-yatirimlik-satilik-arsa-2-2\/\" class=\"ilan-karti\">\n            <div class=\"ilan-resmi\">\n                <img decoding=\"async\" src=\"https:\/\/sagedijital.com\/emlak\/wp-content\/uploads\/2025\/05\/aerial-view-agricultural-field-against-sky_1048944-3372894.jpg\" alt=\"\u0130marl\u0131 Arsa ( AC\u0130L)\">\n                <div class=\"ilan-etiket satilik\">SATILIK<\/div>\n            <\/div>\n            <div class=\"ilan-detay\">\n                <div class=\"ilan-baslik\">\u0130marl\u0131 Arsa ( AC\u0130L)<\/div>\n                <div class=\"ozellik\"><span>Fiyat:<\/span> 2.750.000 TL<\/div>                <div class=\"ozellik\"><span>Metrekare:<\/span> 50 m\u00b2<\/div>                <div class=\"ozellik\"><span>Kimden:<\/span> Sahibinden<\/div>                <div class=\"ozellik\"><span>Konum:<\/span> A\u015fa\u011f\u0131 Delhi<\/div>            <\/div>\n        <\/a>\n            <a href=\"https:\/\/sagedijital.com\/emlak\/ilan\/ankara-golbasinda-yatirimlik-satilik-arsa-2\/\" class=\"ilan-karti\">\n            <div class=\"ilan-resmi\">\n                <img decoding=\"async\" src=\"https:\/\/sagedijital.com\/emlak\/wp-content\/uploads\/2025\/05\/view-village-brome-river-ohre-county-gifhorn-germany-from_1048944-16674729.jpg\" alt=\"G\u00f6lba\u015f\u0131&#8217;nda Yat\u0131r\u0131ml\u0131k Arsa\">\n                <div class=\"ilan-etiket satilik\">SATILIK<\/div>\n            <\/div>\n            <div class=\"ilan-detay\">\n                <div class=\"ilan-baslik\">G\u00f6lba\u015f\u0131&#8217;nda Yat\u0131r\u0131ml\u0131k Arsa<\/div>\n                <div class=\"ozellik\"><span>Fiyat:<\/span> 2.750.000 TL<\/div>                <div class=\"ozellik\"><span>Metrekare:<\/span> 1555 m\u00b2<\/div>                <div class=\"ozellik\"><span>Kimden:<\/span> Sahibinden<\/div>                <div class=\"ozellik\"><span>Konum:<\/span> Ankara G\u00f6lba\u015f\u0131<\/div>            <\/div>\n        <\/a>\n            <a href=\"https:\/\/sagedijital.com\/emlak\/ilan\/ankara-golbasinda-yatirimlik-satilik-arsa\/\" class=\"ilan-karti\">\n            <div class=\"ilan-resmi\">\n                <img decoding=\"async\" src=\"https:\/\/sagedijital.com\/emlak\/wp-content\/uploads\/2025\/05\/Property-6fa5c02d5e2856127d458d6f8478b906-130460094.jpg\" alt=\"Norve\u00e7 Merkez 3+1 Daire\">\n                <div class=\"ilan-etiket kiralik\">K\u0130RALIK<\/div>\n            <\/div>\n            <div class=\"ilan-detay\">\n                <div class=\"ilan-baslik\">Norve\u00e7 Merkez 3+1 Daire<\/div>\n                <div class=\"ozellik\"><span>Fiyat:<\/span> 15.000 TL<\/div>                <div class=\"ozellik\"><span>Metrekare:<\/span> 1555 m\u00b2<\/div>                <div class=\"ozellik\"><span>Kimden:<\/span> Sahibinden<\/div>                <div class=\"ozellik\"><span>Konum:<\/span> Norve\u00e7 Merkez<\/div>            <\/div>\n        <\/a>\n    <\/div><\/div>\n\t\t\t\t\t\t<\/div>\n\t\t\t\t<\/div>\n\t\t\t\t\t<\/div>\n\t\t<\/div>\n\t\t\t\t\t<\/div>\n\t\t<\/section>\n\t\t\t\t<\/div>\n\t\t","protected":false},"excerpt":{"rendered":"<p>\u0130lanlar<\/p>\n","protected":false},"author":1,"featured_media":0,"parent":0,"menu_order":0,"comment_status":"closed","ping_status":"closed","template":"elementor_header_footer","meta":{"footnotes":""},"class_list":["post-10","page","type-page","status-publish","hentry"],"_links":{"self":[{"href":"https:\/\/sagedijital.com\/emlak\/wp-json\/wp\/v2\/pages\/10","targetHints":{"allow":["GET"]}}],"collection":[{"href":"https:\/\/sagedijital.com\/emlak\/wp-json\/wp\/v2\/pages"}],"about":[{"href":"https:\/\/sagedijital.com\/emlak\/wp-json\/wp\/v2\/types\/page"}],"author":[{"embeddable":true,"href":"https:\/\/sagedijital.com\/emlak\/wp-json\/wp\/v2\/users\/1"}],"replies":[{"embeddable":true,"href":"https:\/\/sagedijital.com\/emlak\/wp-json\/wp\/v2\/comments?post=10"}],"version-history":[{"count":9,"href":"https:\/\/sagedijital.com\/emlak\/wp-json\/wp\/v2\/pages\/10\/revisions"}],"predecessor-version":[{"id":159,"href":"https:\/\/sagedijital.com\/emlak\/wp-json\/wp\/v2\/pages\/10\/revisions\/159"}],"wp:attachment":[{"href":"https:\/\/sagedijital.com\/emlak\/wp-json\/wp\/v2\/media?parent=10"}],"curies":[{"name":"wp","href":"https:\/\/api.w.org\/{rel}","templated":true}]}}