{"id":11,"date":"2025-03-16T18:29:50","date_gmt":"2025-03-16T18:29:50","guid":{"rendered":"https:\/\/sagedijital.com\/halim\/hakkimizda\/"},"modified":"2025-03-17T17:49:25","modified_gmt":"2025-03-17T17:49:25","slug":"hakkimizda","status":"publish","type":"page","link":"https:\/\/sagedijital.com\/halim\/hakkimizda\/","title":{"rendered":"Hakk\u0131m\u0131zda"},"content":{"rendered":"\t\t<div data-elementor-type=\"wp-page\" data-elementor-id=\"11\" class=\"elementor elementor-11\" data-elementor-post-type=\"page\">\n\t\t\t\t\t\t<section class=\"elementor-section elementor-top-section elementor-element elementor-element-8e62006 elementor-section-boxed elementor-section-height-default elementor-section-height-default\" data-id=\"8e62006\" data-element_type=\"section\" data-settings=\"{&quot;background_background&quot;:&quot;gradient&quot;}\">\n\t\t\t\t\t\t<div class=\"elementor-container elementor-column-gap-default\">\n\t\t\t\t\t<div class=\"elementor-column elementor-col-100 elementor-top-column elementor-element elementor-element-e25bae1\" data-id=\"e25bae1\" data-element_type=\"column\">\n\t\t\t<div class=\"elementor-widget-wrap elementor-element-populated\">\n\t\t\t\t\t\t<div class=\"elementor-element elementor-element-d2305b7 elementor-widget elementor-widget-heading\" data-id=\"d2305b7\" data-element_type=\"widget\" data-widget_type=\"heading.default\">\n\t\t\t\t<div class=\"elementor-widget-container\">\n\t\t\t\t\t<h2 class=\"elementor-heading-title elementor-size-default\">Hakk\u0131m\u0131zda<\/h2>\t\t\t\t<\/div>\n\t\t\t\t<\/div>\n\t\t\t\t\t<\/div>\n\t\t<\/div>\n\t\t\t\t\t<\/div>\n\t\t<\/section>\n\t\t\t\t<section class=\"elementor-section elementor-top-section elementor-element elementor-element-26be6a2 elementor-section-boxed elementor-section-height-default elementor-section-height-default\" data-id=\"26be6a2\" data-element_type=\"section\">\n\t\t\t\t\t\t<div class=\"elementor-container elementor-column-gap-default\">\n\t\t\t\t\t<div class=\"elementor-column elementor-col-50 elementor-top-column elementor-element elementor-element-def298e\" data-id=\"def298e\" data-element_type=\"column\">\n\t\t\t<div class=\"elementor-widget-wrap elementor-element-populated\">\n\t\t\t\t\t\t<div class=\"elementor-element elementor-element-02fb662 elementor-widget elementor-widget-image\" data-id=\"02fb662\" data-element_type=\"widget\" data-widget_type=\"image.default\">\n\t\t\t\t<div class=\"elementor-widget-container\">\n\t\t\t\t\t\t\t\t\t\t\t\t\t\t\t<img fetchpriority=\"high\" decoding=\"async\" width=\"800\" height=\"534\" src=\"https:\/\/sagedijital.com\/halim\/wp-content\/uploads\/2025\/03\/Depositphotos_88779358_original-1024x683.jpg\" class=\"attachment-large size-large wp-image-419\" alt=\"\" srcset=\"https:\/\/sagedijital.com\/halim\/wp-content\/uploads\/2025\/03\/Depositphotos_88779358_original-1024x683.jpg 1024w, https:\/\/sagedijital.com\/halim\/wp-content\/uploads\/2025\/03\/Depositphotos_88779358_original-300x200.jpg 300w, https:\/\/sagedijital.com\/halim\/wp-content\/uploads\/2025\/03\/Depositphotos_88779358_original-768x512.jpg 768w, https:\/\/sagedijital.com\/halim\/wp-content\/uploads\/2025\/03\/Depositphotos_88779358_original-1536x1025.jpg 1536w, https:\/\/sagedijital.com\/halim\/wp-content\/uploads\/2025\/03\/Depositphotos_88779358_original.jpg 1920w\" sizes=\"(max-width: 800px) 100vw, 800px\" \/>\t\t\t\t\t\t\t\t\t\t\t\t\t\t\t<\/div>\n\t\t\t\t<\/div>\n\t\t\t\t\t<\/div>\n\t\t<\/div>\n\t\t\t\t<div class=\"elementor-column elementor-col-50 elementor-top-column elementor-element elementor-element-a48f504\" data-id=\"a48f504\" data-element_type=\"column\">\n\t\t\t<div class=\"elementor-widget-wrap elementor-element-populated\">\n\t\t\t\t\t\t<div class=\"elementor-element elementor-element-7399cfa elementor-widget elementor-widget-text-editor\" data-id=\"7399cfa\" data-element_type=\"widget\" data-widget_type=\"text-editor.default\">\n\t\t\t\t<div class=\"elementor-widget-container\">\n\t\t\t\t\t\t\t\t\t<p data-start=\"81\" data-end=\"454\">Hal\u0131m Hal\u0131 Y\u0131kama olarak, hal\u0131 y\u0131kama sekt\u00f6r\u00fcnde uzun y\u0131llara dayanan tecr\u00fcbemizle ve profesyonel hizmet anlay\u0131\u015f\u0131m\u0131zla faaliyet g\u00f6steriyoruz. Temizlik sadece g\u00f6rsellik de\u011fil, ayn\u0131 zamanda sa\u011fl\u0131k ve hijyen a\u00e7\u0131s\u0131ndan da b\u00fcy\u00fck \u00f6nem ta\u015f\u0131r. Biz de bu bilin\u00e7le hareket ederek, hal\u0131lar\u0131n\u0131z\u0131n derinli\u011fini sa\u011fl\u0131yor, ya\u015fam alanlar\u0131n\u0131za tazelik ve hijyen kazand\u0131r\u0131yoruz.<\/p><p data-start=\"456\" data-end=\"849\">Sekt\u00f6rdeki yenilikleri detayl\u0131 takip eden ve geli\u015fmi\u015f y\u0131kama sistemlerini b\u00fcnyesine katan firmam\u0131z, modern \u00f6zellikler ve \u00e7evreye uygun temizlik \u00fcr\u00fcnleri ile hal\u0131lar\u0131n\u0131z\u0131 y\u0131pratmadan ve renklerini soldurmadan temizler. Y\u0131kama s\u00fcrecinde her hal\u0131ya \u00f6zel temizlik i\u015fleminin uygulanmas\u0131; El dokumas\u0131, y\u00fcn, shaggy, makine hal\u0131s\u0131 gibi t\u00fcm hal\u0131 t\u00fcrlerine ve uygun bak\u0131m ve temizlik \u00f6nerilerini sunuyoruz.<\/p>\t\t\t\t\t\t\t\t<\/div>\n\t\t\t\t<\/div>\n\t\t\t\t\t<\/div>\n\t\t<\/div>\n\t\t\t\t\t<\/div>\n\t\t<\/section>\n\t\t\t\t<\/div>\n\t\t","protected":false},"excerpt":{"rendered":"<p>Hakk\u0131m\u0131zda Hal\u0131m Hal\u0131 Y\u0131kama olarak, hal\u0131 y\u0131kama sekt\u00f6r\u00fcnde uzun y\u0131llara dayanan tecr\u00fcbemizle ve profesyonel hizmet anlay\u0131\u015f\u0131m\u0131zla faaliyet g\u00f6steriyoruz. Temizlik sadece g\u00f6rsellik de\u011fil, ayn\u0131 zamanda sa\u011fl\u0131k ve hijyen a\u00e7\u0131s\u0131ndan da b\u00fcy\u00fck \u00f6nem ta\u015f\u0131r. Biz de bu bilin\u00e7le hareket ederek, hal\u0131lar\u0131n\u0131z\u0131n derinli\u011fini sa\u011fl\u0131yor, ya\u015fam alanlar\u0131n\u0131za tazelik ve hijyen kazand\u0131r\u0131yoruz. Sekt\u00f6rdeki yenilikleri detayl\u0131 takip eden ve geli\u015fmi\u015f y\u0131kama [&hellip;]<\/p>\n","protected":false},"author":1,"featured_media":0,"parent":0,"menu_order":0,"comment_status":"closed","ping_status":"closed","template":"","meta":{"footnotes":""},"class_list":["post-11","page","type-page","status-publish","hentry"],"_links":{"self":[{"href":"https:\/\/sagedijital.com\/halim\/wp-json\/wp\/v2\/pages\/11","targetHints":{"allow":["GET"]}}],"collection":[{"href":"https:\/\/sagedijital.com\/halim\/wp-json\/wp\/v2\/pages"}],"about":[{"href":"https:\/\/sagedijital.com\/halim\/wp-json\/wp\/v2\/types\/page"}],"author":[{"embeddable":true,"href":"https:\/\/sagedijital.com\/halim\/wp-json\/wp\/v2\/users\/1"}],"replies":[{"embeddable":true,"href":"https:\/\/sagedijital.com\/halim\/wp-json\/wp\/v2\/comments?post=11"}],"version-history":[{"count":9,"href":"https:\/\/sagedijital.com\/halim\/wp-json\/wp\/v2\/pages\/11\/revisions"}],"predecessor-version":[{"id":617,"href":"https:\/\/sagedijital.com\/halim\/wp-json\/wp\/v2\/pages\/11\/revisions\/617"}],"wp:attachment":[{"href":"https:\/\/sagedijital.com\/halim\/wp-json\/wp\/v2\/media?parent=11"}],"curies":[{"name":"wp","href":"https:\/\/api.w.org\/{rel}","templated":true}]}}