{"id":12,"date":"2025-03-16T18:29:50","date_gmt":"2025-03-16T18:29:50","guid":{"rendered":"https:\/\/sagedijital.com\/halim\/hizmetlerimiz\/"},"modified":"2025-03-17T17:50:33","modified_gmt":"2025-03-17T17:50:33","slug":"hizmetlerimiz","status":"publish","type":"page","link":"https:\/\/sagedijital.com\/halim\/hizmetlerimiz\/","title":{"rendered":"Hizmetlerimiz"},"content":{"rendered":"\t\t<div data-elementor-type=\"wp-page\" data-elementor-id=\"12\" class=\"elementor elementor-12\" data-elementor-post-type=\"page\">\n\t\t\t\t\t\t<section class=\"elementor-section elementor-top-section elementor-element elementor-element-83d5469 elementor-section-boxed elementor-section-height-default elementor-section-height-default\" data-id=\"83d5469\" data-element_type=\"section\" data-settings=\"{&quot;background_background&quot;:&quot;gradient&quot;}\">\n\t\t\t\t\t\t<div class=\"elementor-container elementor-column-gap-default\">\n\t\t\t\t\t<div class=\"elementor-column elementor-col-100 elementor-top-column elementor-element elementor-element-dc937ab\" data-id=\"dc937ab\" data-element_type=\"column\">\n\t\t\t<div class=\"elementor-widget-wrap elementor-element-populated\">\n\t\t\t\t\t\t<div class=\"elementor-element elementor-element-c76eb73 elementor-widget elementor-widget-heading\" data-id=\"c76eb73\" data-element_type=\"widget\" data-widget_type=\"heading.default\">\n\t\t\t\t<div class=\"elementor-widget-container\">\n\t\t\t\t\t<h2 class=\"elementor-heading-title elementor-size-default\">Hizmetlerimiz<\/h2>\t\t\t\t<\/div>\n\t\t\t\t<\/div>\n\t\t\t\t\t<\/div>\n\t\t<\/div>\n\t\t\t\t\t<\/div>\n\t\t<\/section>\n\t\t\t\t<section class=\"elementor-section elementor-top-section elementor-element elementor-element-dd32906 elementor-section-boxed elementor-section-height-default elementor-section-height-default\" data-id=\"dd32906\" data-element_type=\"section\">\n\t\t\t\t\t\t<div class=\"elementor-container elementor-column-gap-default\">\n\t\t\t\t\t<div class=\"elementor-column elementor-col-100 elementor-top-column elementor-element elementor-element-03f5f4b\" data-id=\"03f5f4b\" data-element_type=\"column\">\n\t\t\t<div class=\"elementor-widget-wrap elementor-element-populated\">\n\t\t\t\t\t\t<div class=\"elementor-element elementor-element-383d1f6 elementor-widget__width-initial elementor-widget elementor-widget-text-editor\" data-id=\"383d1f6\" data-element_type=\"widget\" data-widget_type=\"text-editor.default\">\n\t\t\t\t<div class=\"elementor-widget-container\">\n\t\t\t\t\t\t\t\t\t<p style=\"text-align: center;\" data-start=\"149\" data-end=\"450\">Evinizde ve i\u015f yerinizde hijyen ve konforun \u00f6n plan\u0131nda devam ediyoruz. Hal\u0131 y\u0131kamadan koltuk temizli\u011fine, perde a\u00e7\u0131s\u0131ndan yatak y\u0131kamaya kadar geni\u015f hizmet yelpazemizle size profesyonel \u00e7\u00f6z\u00fcmler sunuyoruz. Uzman ekibimiz ve modern ekipmanlar\u0131m\u0131zla t\u00fcm y\u00fczeyleriniz ilk g\u00fcnk\u00fc gibi \u015f\u0131k ve bak\u0131ml\u0131!<\/p>\t\t\t\t\t\t\t\t<\/div>\n\t\t\t\t<\/div>\n\t\t\t\t\t<\/div>\n\t\t<\/div>\n\t\t\t\t\t<\/div>\n\t\t<\/section>\n\t\t\t\t<section class=\"elementor-section elementor-top-section elementor-element elementor-element-8dd728d elementor-section-boxed elementor-section-height-default elementor-section-height-default\" data-id=\"8dd728d\" data-element_type=\"section\" data-settings=\"{&quot;background_background&quot;:&quot;classic&quot;}\">\n\t\t\t\t\t\t<div class=\"elementor-container elementor-column-gap-wide\">\n\t\t\t\t\t<div class=\"elementor-column elementor-col-33 elementor-top-column elementor-element elementor-element-8740cbb\" data-id=\"8740cbb\" data-element_type=\"column\">\n\t\t\t<div class=\"elementor-widget-wrap elementor-element-populated\">\n\t\t\t\t\t\t<div class=\"elementor-element elementor-element-8297131 ekit-equal-height-enable elementor-widget elementor-widget-elementskit-icon-box\" data-id=\"8297131\" data-element_type=\"widget\" data-widget_type=\"elementskit-icon-box.default\">\n\t\t\t\t<div class=\"elementor-widget-container\">\n\t\t\t\t\t<div class=\"ekit-wid-con\" >        <!-- link opening -->\n                <!-- end link opening -->\n\n        <div class=\"elementskit-infobox text-left text- icon-lef-right-aligin elementor-animation-   \">\n                        <div class=\"box-body\">\n                            <h3 class=\"elementskit-info-box-title\">\n                    Hal\u0131 Y\u0131kama                <\/h3>\n                        \t\t  \t<p>\ud83d\udd39El Dokuma Hal\u0131lar <br> \n\ud83d\udd39Makine Hal\u0131lar\u0131 <br>\n\ud83d\udd39\u0130pek Hal\u0131lar <br>\n\ud83d\udd39Y\u00fcn Hal\u0131lar <br><\/p>\n                                <\/div>\n        \n        \n                    <div class=\"ekit-icon-box-badge ekit_position_custom\">\n                <span class=\"ekit-badge\">500\u20ba&#039;den ba\u015flayan Fiyatlar<\/span>\n            <\/div>\n                <\/div>\n        <\/div>\t\t\t\t<\/div>\n\t\t\t\t<\/div>\n\t\t\t\t\t<\/div>\n\t\t<\/div>\n\t\t\t\t<div class=\"elementor-column elementor-col-33 elementor-top-column elementor-element elementor-element-727032e\" data-id=\"727032e\" data-element_type=\"column\">\n\t\t\t<div class=\"elementor-widget-wrap elementor-element-populated\">\n\t\t\t\t\t\t<div class=\"elementor-element elementor-element-d50d664 ekit-equal-height-enable elementor-widget elementor-widget-elementskit-icon-box\" data-id=\"d50d664\" data-element_type=\"widget\" data-widget_type=\"elementskit-icon-box.default\">\n\t\t\t\t<div class=\"elementor-widget-container\">\n\t\t\t\t\t<div class=\"ekit-wid-con\" >        <!-- link opening -->\n                <!-- end link opening -->\n\n        <div class=\"elementskit-infobox text-left text- icon-lef-right-aligin elementor-animation-   \">\n                        <div class=\"box-body\">\n                            <h3 class=\"elementskit-info-box-title\">\n                    Koltuk Y\u0131kama                <\/h3>\n                        \t\t  \t<p>\ud83d\udd39 \u0130pek Koltuk <br>\n\ud83d\udd39 Kadife Koltuk <br>\n\ud83d\udd39 Deri Koltuk <br>\n\ud83d\udd39 Nubuk Koltuk <br><\/p>\n                                <\/div>\n        \n        \n                    <div class=\"ekit-icon-box-badge ekit_position_custom\">\n                <span class=\"ekit-badge\">500\u20ba&#039;den ba\u015flayan Fiyatlar<\/span>\n            <\/div>\n                <\/div>\n        <\/div>\t\t\t\t<\/div>\n\t\t\t\t<\/div>\n\t\t\t\t\t<\/div>\n\t\t<\/div>\n\t\t\t\t<div class=\"elementor-column elementor-col-33 elementor-top-column elementor-element elementor-element-1593776\" data-id=\"1593776\" data-element_type=\"column\">\n\t\t\t<div class=\"elementor-widget-wrap elementor-element-populated\">\n\t\t\t\t\t\t<div class=\"elementor-element elementor-element-46e1490 ekit-equal-height-enable elementor-widget elementor-widget-elementskit-icon-box\" data-id=\"46e1490\" data-element_type=\"widget\" data-widget_type=\"elementskit-icon-box.default\">\n\t\t\t\t<div class=\"elementor-widget-container\">\n\t\t\t\t\t<div class=\"ekit-wid-con\" >        <!-- link opening -->\n                <!-- end link opening -->\n\n        <div class=\"elementskit-infobox text-left text- icon-lef-right-aligin elementor-animation-   \">\n                        <div class=\"box-body\">\n                            <h3 class=\"elementskit-info-box-title\">\n                    Hal\u0131 Y\u0131kama                <\/h3>\n                        \t\t  \t<p>\ud83d\udd39 \u00c7ift Ki\u015filik Yatak <br>\n\ud83d\udd39 Tek Ki\u015filik Yatak <br>\n\ud83d\udd39 Ortopedik Yatak <br>\n\ud83d\udd39 Lateks Yatak <br><\/p>\n                                <\/div>\n        \n        \n                    <div class=\"ekit-icon-box-badge ekit_position_custom\">\n                <span class=\"ekit-badge\">500\u20ba&#039;den ba\u015flayan Fiyatlar<\/span>\n            <\/div>\n                <\/div>\n        <\/div>\t\t\t\t<\/div>\n\t\t\t\t<\/div>\n\t\t\t\t\t<\/div>\n\t\t<\/div>\n\t\t\t\t\t<\/div>\n\t\t<\/section>\n\t\t\t\t<section class=\"elementor-section elementor-top-section elementor-element elementor-element-e9c88b5 elementor-section-boxed elementor-section-height-default elementor-section-height-default\" data-id=\"e9c88b5\" data-element_type=\"section\">\n\t\t\t\t\t\t<div class=\"elementor-container elementor-column-gap-wide\">\n\t\t\t\t\t<div class=\"elementor-column elementor-col-33 elementor-top-column elementor-element elementor-element-119d9ff\" data-id=\"119d9ff\" data-element_type=\"column\">\n\t\t\t<div class=\"elementor-widget-wrap elementor-element-populated\">\n\t\t\t\t\t\t<div class=\"elementor-element elementor-element-ac5c94c ekit-equal-height-enable elementor-widget elementor-widget-elementskit-icon-box\" data-id=\"ac5c94c\" data-element_type=\"widget\" data-widget_type=\"elementskit-icon-box.default\">\n\t\t\t\t<div class=\"elementor-widget-container\">\n\t\t\t\t\t<div class=\"ekit-wid-con\" >        <!-- link opening -->\n                <!-- end link opening -->\n\n        <div class=\"elementskit-infobox text-left text- icon-lef-right-aligin elementor-animation-   \">\n                        <div class=\"box-body\">\n                            <h3 class=\"elementskit-info-box-title\">\n                    Stor Y\u0131kama                <\/h3>\n                        \t\t  \t<p>\ud83d\udd39 Zebra Stor  <br>\n\ud83d\udd39 Stor Perde <br>\n\ud83d\udd39 G\u00fcne\u015flik Stor <br>\n\ud83d\udd39 Blackout Stor  <br><\/p>\n                                <\/div>\n        \n        \n                    <div class=\"ekit-icon-box-badge ekit_position_custom\">\n                <span class=\"ekit-badge\">500\u20ba&#039;den ba\u015flayan Fiyatlar<\/span>\n            <\/div>\n                <\/div>\n        <\/div>\t\t\t\t<\/div>\n\t\t\t\t<\/div>\n\t\t\t\t\t<\/div>\n\t\t<\/div>\n\t\t\t\t<div class=\"elementor-column elementor-col-33 elementor-top-column elementor-element elementor-element-51b743f\" data-id=\"51b743f\" data-element_type=\"column\">\n\t\t\t<div class=\"elementor-widget-wrap elementor-element-populated\">\n\t\t\t\t\t\t<div class=\"elementor-element elementor-element-a4950ab ekit-equal-height-enable elementor-widget elementor-widget-elementskit-icon-box\" data-id=\"a4950ab\" data-element_type=\"widget\" data-widget_type=\"elementskit-icon-box.default\">\n\t\t\t\t<div class=\"elementor-widget-container\">\n\t\t\t\t\t<div class=\"ekit-wid-con\" >        <!-- link opening -->\n                <!-- end link opening -->\n\n        <div class=\"elementskit-infobox text-left text- icon-lef-right-aligin elementor-animation-   \">\n                        <div class=\"box-body\">\n                            <h3 class=\"elementskit-info-box-title\">\n                    Yorgan Y\u0131kama                <\/h3>\n                        \t\t  \t<p>\ud83d\udd39 Y\u00fcn Yorgan <br>\n\ud83d\udd39 Pamuk Yorgan <br>\n\ud83d\udd39 Elyaf Yorgan <br>\n\ud83d\udd39 Bebek Yorgan\u0131 <br><\/p>\n                                <\/div>\n        \n        \n                    <div class=\"ekit-icon-box-badge ekit_position_custom\">\n                <span class=\"ekit-badge\">500\u20ba&#039;den ba\u015flayan Fiyatlar<\/span>\n            <\/div>\n                <\/div>\n        <\/div>\t\t\t\t<\/div>\n\t\t\t\t<\/div>\n\t\t\t\t\t<\/div>\n\t\t<\/div>\n\t\t\t\t<div class=\"elementor-column elementor-col-33 elementor-top-column elementor-element elementor-element-849a2ae\" data-id=\"849a2ae\" data-element_type=\"column\">\n\t\t\t<div class=\"elementor-widget-wrap elementor-element-populated\">\n\t\t\t\t\t\t<div class=\"elementor-element elementor-element-6d30929 ekit-equal-height-enable elementor-widget elementor-widget-elementskit-icon-box\" data-id=\"6d30929\" data-element_type=\"widget\" data-widget_type=\"elementskit-icon-box.default\">\n\t\t\t\t<div class=\"elementor-widget-container\">\n\t\t\t\t\t<div class=\"ekit-wid-con\" >        <!-- link opening -->\n                <!-- end link opening -->\n\n        <div class=\"elementskit-infobox text-left text- icon-lef-right-aligin elementor-animation-   \">\n                        <div class=\"box-body\">\n                            <h3 class=\"elementskit-info-box-title\">\n                    Hal\u0131 Y\u0131kama                <\/h3>\n                        \t\t  \t<p>\ud83d\udd39 Hal\u0131 Overlok <br>\n\ud83d\udd39 Hal\u0131 Tamir <br>\n\ud83d\udd39 Sa\u00e7ak Yenileme <br>\n\ud83d\udd39 Renk Canland\u0131rma <br><\/p>\n                                <\/div>\n        \n        \n                    <div class=\"ekit-icon-box-badge ekit_position_custom\">\n                <span class=\"ekit-badge\">500\u20ba&#039;den ba\u015flayan Fiyatlar<\/span>\n            <\/div>\n                <\/div>\n        <\/div>\t\t\t\t<\/div>\n\t\t\t\t<\/div>\n\t\t\t\t\t<\/div>\n\t\t<\/div>\n\t\t\t\t\t<\/div>\n\t\t<\/section>\n\t\t\t\t<\/div>\n\t\t","protected":false},"excerpt":{"rendered":"<p>Hizmetlerimiz<\/p>\n","protected":false},"author":1,"featured_media":0,"parent":0,"menu_order":0,"comment_status":"closed","ping_status":"closed","template":"","meta":{"footnotes":""},"class_list":["post-12","page","type-page","status-publish","hentry"],"_links":{"self":[{"href":"https:\/\/sagedijital.com\/halim\/wp-json\/wp\/v2\/pages\/12","targetHints":{"allow":["GET"]}}],"collection":[{"href":"https:\/\/sagedijital.com\/halim\/wp-json\/wp\/v2\/pages"}],"about":[{"href":"https:\/\/sagedijital.com\/halim\/wp-json\/wp\/v2\/types\/page"}],"author":[{"embeddable":true,"href":"https:\/\/sagedijital.com\/halim\/wp-json\/wp\/v2\/users\/1"}],"replies":[{"embeddable":true,"href":"https:\/\/sagedijital.com\/halim\/wp-json\/wp\/v2\/comments?post=12"}],"version-history":[{"count":12,"href":"https:\/\/sagedijital.com\/halim\/wp-json\/wp\/v2\/pages\/12\/revisions"}],"predecessor-version":[{"id":622,"href":"https:\/\/sagedijital.com\/halim\/wp-json\/wp\/v2\/pages\/12\/revisions\/622"}],"wp:attachment":[{"href":"https:\/\/sagedijital.com\/halim\/wp-json\/wp\/v2\/media?parent=12"}],"curies":[{"name":"wp","href":"https:\/\/api.w.org\/{rel}","templated":true}]}}