{"id":14,"date":"2025-03-16T18:29:50","date_gmt":"2025-03-16T18:29:50","guid":{"rendered":"https:\/\/sagedijital.com\/halim\/siparis-ver\/"},"modified":"2025-03-17T07:42:15","modified_gmt":"2025-03-17T07:42:15","slug":"siparis-takip","status":"publish","type":"page","link":"https:\/\/sagedijital.com\/halim\/siparis-takip\/","title":{"rendered":"Sipari\u015f Takip"},"content":{"rendered":"\t\t<div data-elementor-type=\"wp-page\" data-elementor-id=\"14\" class=\"elementor elementor-14\" data-elementor-post-type=\"page\">\n\t\t\t\t\t\t<section class=\"elementor-section elementor-top-section elementor-element elementor-element-d6ed20c elementor-section-boxed elementor-section-height-default elementor-section-height-default\" data-id=\"d6ed20c\" data-element_type=\"section\" data-settings=\"{&quot;background_background&quot;:&quot;gradient&quot;}\">\n\t\t\t\t\t\t<div class=\"elementor-container elementor-column-gap-default\">\n\t\t\t\t\t<div class=\"elementor-column elementor-col-100 elementor-top-column elementor-element elementor-element-0888b91\" data-id=\"0888b91\" data-element_type=\"column\">\n\t\t\t<div class=\"elementor-widget-wrap elementor-element-populated\">\n\t\t\t\t\t\t<div class=\"elementor-element elementor-element-5eaa63f elementor-widget elementor-widget-heading\" data-id=\"5eaa63f\" data-element_type=\"widget\" data-widget_type=\"heading.default\">\n\t\t\t\t<div class=\"elementor-widget-container\">\n\t\t\t\t\t<h2 class=\"elementor-heading-title elementor-size-default\">Sipari\u015f Takip<\/h2>\t\t\t\t<\/div>\n\t\t\t\t<\/div>\n\t\t\t\t\t<\/div>\n\t\t<\/div>\n\t\t\t\t\t<\/div>\n\t\t<\/section>\n\t\t\t\t<section class=\"elementor-section elementor-top-section elementor-element elementor-element-da09cc9 elementor-section-boxed elementor-section-height-default elementor-section-height-default\" data-id=\"da09cc9\" data-element_type=\"section\">\n\t\t\t\t\t\t<div class=\"elementor-container elementor-column-gap-default\">\n\t\t\t\t\t<div class=\"elementor-column elementor-col-100 elementor-top-column elementor-element elementor-element-631af40\" data-id=\"631af40\" data-element_type=\"column\">\n\t\t\t<div class=\"elementor-widget-wrap elementor-element-populated\">\n\t\t\t\t\t\t<div class=\"elementor-element elementor-element-124b892 elementor-widget elementor-widget-text-editor\" data-id=\"124b892\" data-element_type=\"widget\" data-widget_type=\"text-editor.default\">\n\t\t\t\t<div class=\"elementor-widget-container\">\n\t\t\t\t\t\t\t\t\t<p><strong>TEST ETMEK \u0130\u00c7\u0130N KODU ALANA G\u0130R\u0130N\u0130Z:<\/strong> Z98LE9TO<\/p>\t\t\t\t\t\t\t\t<\/div>\n\t\t\t\t<\/div>\n\t\t\t\t<div class=\"elementor-element elementor-element-97e323a elementor-widget elementor-widget-shortcode\" data-id=\"97e323a\" data-element_type=\"widget\" data-widget_type=\"shortcode.default\">\n\t\t\t\t<div class=\"elementor-widget-container\">\n\t\t\t\t\t\t\t<div class=\"elementor-shortcode\">    <div style=\"margin: 20px auto; text-align: center; max-width: 500px;\">\n        <!-- Arka plan rengi ayarlanabilir container -->\n        <div style=\"background-color: #f9f9f9;\n                    padding: 15px; \n                    border: 1px solid #ddd; \n                    border-radius: 5px;\n                    display: inline-block;\">\n\n            <form method=\"post\" style=\"margin:0; padding:0;\">\n                <!-- Tek sat\u0131r input + buton -->\n                <input type=\"text\"\n                       name=\"siparis_takip_kodu\"\n                       required\n                       placeholder=\"Takip Kodunuz...\"\n                       style=\"padding: 8px; \n                              border: 1px solid #ccc; \n                              border-radius: 4px; \n                              margin-right: 10px; \n                              width: 200px; \n                              box-sizing: border-box;\" \/>\n\n                <input type=\"submit\"\n                       name=\"siparis_takip_submit\"\n                       value=\"Takip Et\"\n                       style=\"padding: 8px 20px;\n                              border: none; \n                              border-radius: 4px;\n                              cursor: pointer;\n                              background: #0b56ff;\n                              color: #fff;\n                              font-weight: bold;\" \/>\n            <\/form>\n        <\/div>\n    <\/div>\n    <\/div>\n\t\t\t\t\t\t<\/div>\n\t\t\t\t<\/div>\n\t\t\t\t\t<\/div>\n\t\t<\/div>\n\t\t\t\t\t<\/div>\n\t\t<\/section>\n\t\t\t\t<\/div>\n\t\t","protected":false},"excerpt":{"rendered":"<p>Sipari\u015f Takip TEST ETMEK \u0130\u00c7\u0130N KODU ALANA G\u0130R\u0130N\u0130Z: Z98LE9TO<\/p>\n","protected":false},"author":1,"featured_media":0,"parent":0,"menu_order":0,"comment_status":"closed","ping_status":"closed","template":"","meta":{"footnotes":""},"class_list":["post-14","page","type-page","status-publish","hentry"],"_links":{"self":[{"href":"https:\/\/sagedijital.com\/halim\/wp-json\/wp\/v2\/pages\/14","targetHints":{"allow":["GET"]}}],"collection":[{"href":"https:\/\/sagedijital.com\/halim\/wp-json\/wp\/v2\/pages"}],"about":[{"href":"https:\/\/sagedijital.com\/halim\/wp-json\/wp\/v2\/types\/page"}],"author":[{"embeddable":true,"href":"https:\/\/sagedijital.com\/halim\/wp-json\/wp\/v2\/users\/1"}],"replies":[{"embeddable":true,"href":"https:\/\/sagedijital.com\/halim\/wp-json\/wp\/v2\/comments?post=14"}],"version-history":[{"count":10,"href":"https:\/\/sagedijital.com\/halim\/wp-json\/wp\/v2\/pages\/14\/revisions"}],"predecessor-version":[{"id":508,"href":"https:\/\/sagedijital.com\/halim\/wp-json\/wp\/v2\/pages\/14\/revisions\/508"}],"wp:attachment":[{"href":"https:\/\/sagedijital.com\/halim\/wp-json\/wp\/v2\/media?parent=14"}],"curies":[{"name":"wp","href":"https:\/\/api.w.org\/{rel}","templated":true}]}}