{"id":17,"date":"2025-03-16T18:29:50","date_gmt":"2025-03-16T18:29:50","guid":{"rendered":"https:\/\/sagedijital.com\/halim\/blog\/"},"modified":"2025-03-17T17:46:59","modified_gmt":"2025-03-17T17:46:59","slug":"blog","status":"publish","type":"page","link":"https:\/\/sagedijital.com\/halim\/blog\/","title":{"rendered":"Blog"},"content":{"rendered":"\t\t<div data-elementor-type=\"wp-page\" data-elementor-id=\"17\" class=\"elementor elementor-17\" data-elementor-post-type=\"page\">\n\t\t\t\t\t\t<section class=\"elementor-section elementor-top-section elementor-element elementor-element-10827df elementor-section-boxed elementor-section-height-default elementor-section-height-default\" data-id=\"10827df\" data-element_type=\"section\" data-settings=\"{&quot;background_background&quot;:&quot;gradient&quot;}\">\n\t\t\t\t\t\t<div class=\"elementor-container elementor-column-gap-default\">\n\t\t\t\t\t<div class=\"elementor-column elementor-col-100 elementor-top-column elementor-element elementor-element-6c6e4fb\" data-id=\"6c6e4fb\" data-element_type=\"column\">\n\t\t\t<div class=\"elementor-widget-wrap elementor-element-populated\">\n\t\t\t\t\t\t<div class=\"elementor-element elementor-element-c268937 elementor-widget elementor-widget-heading\" data-id=\"c268937\" data-element_type=\"widget\" data-widget_type=\"heading.default\">\n\t\t\t\t<div class=\"elementor-widget-container\">\n\t\t\t\t\t<h2 class=\"elementor-heading-title elementor-size-default\">Blog<\/h2>\t\t\t\t<\/div>\n\t\t\t\t<\/div>\n\t\t\t\t\t<\/div>\n\t\t<\/div>\n\t\t\t\t\t<\/div>\n\t\t<\/section>\n\t\t\t\t<section class=\"elementor-section elementor-top-section elementor-element elementor-element-d618931 elementor-section-boxed elementor-section-height-default elementor-section-height-default\" data-id=\"d618931\" data-element_type=\"section\">\n\t\t\t\t\t\t<div class=\"elementor-container elementor-column-gap-default\">\n\t\t\t\t\t<div class=\"elementor-column elementor-col-100 elementor-top-column elementor-element elementor-element-a97ff76\" data-id=\"a97ff76\" data-element_type=\"column\">\n\t\t\t<div class=\"elementor-widget-wrap elementor-element-populated\">\n\t\t\t\t\t\t<div class=\"elementor-element elementor-element-9944674 elementor-widget elementor-widget-elementskit-blog-posts\" data-id=\"9944674\" data-element_type=\"widget\" data-widget_type=\"elementskit-blog-posts.default\">\n\t\t\t\t<div class=\"elementor-widget-container\">\n\t\t\t\t\t<div class=\"ekit-wid-con\" >        <div id=\"post-items--9944674\" class=\"row post-items\">\n                    <div class=\"col-md-12\">\n\n                                    <div class=\"elementskit-blog-block-post\">\n                        <div class=\"row no-gutters\">\n                                                            <div class=\"col-md-6 order-1\">\n                                    <a href=\"https:\/\/sagedijital.com\/halim\/2025\/03\/16\/ipek-ve-el-dokuma-hali-yikama\/\" class=\"elementskit-entry-thumb\">\n                                        <img decoding=\"async\" src=\"https:\/\/sagedijital.com\/halim\/wp-content\/uploads\/2025\/03\/hali-yikama-makinasi-nasil-kullanilir-1024x576.jpg\" alt=\"\u0130pek ve El Dokuma Hal\u0131 Y\u0131kama\">\n                                    <\/a><!-- .elementskit-entry-thumb END -->\n                                <\/div>\n                            \n                            <div class=\"col-md-6 order-2\">\n                                <div class=\"elementskit-post-body \">\n                                    <div class=\"elementskit-entry-header\">\n                                        \n                                                                                            \t\t\t\t\t                                            \n                                            \n                                                                                            \t\t\t\t<h2 class=\"entry-title\">\n\t\t\t\t\t<a href=\"https:\/\/sagedijital.com\/halim\/2025\/03\/16\/ipek-ve-el-dokuma-hali-yikama\/\">\n\t\t\t\t\t\t\u0130pek ve El Dokuma Hal\u0131 Y\u0131kama\t\t\t\t\t<\/a>\n\t\t\t\t<\/h2>\n\t\t\t                                                                                <\/div><!-- .elementskit-entry-header END -->\n\n                                                                            <div class=\"elementskit-post-footer\">\n                                                                                            <p>\u0130pek ve El Dokuma Hal\u0131 Y\u0131kama hizmetimiz hakk\u0131nda detayl\u0131 bilgi almak i\u00e7in bizimle ileti\u015fime ge\u00e7in.<\/p>\n                                                                                                                                <\/div><!-- .elementskit-post-footer END -->\n                                                                    <\/div><!-- .elementskit-post-body END -->\n                            <\/div>\n                        <\/div>\n                    <\/div><!-- .elementskit-blog-block-post .radius .gradient-bg END -->\n                \n            <\/div>\n                    <div class=\"col-md-12\">\n\n                                    <div class=\"elementskit-blog-block-post\">\n                        <div class=\"row no-gutters\">\n                                                            <div class=\"col-md-6 order-1\">\n                                    <a href=\"https:\/\/sagedijital.com\/halim\/2025\/03\/16\/endustriyel-hali-yikama\/\" class=\"elementskit-entry-thumb\">\n                                        <img decoding=\"async\" src=\"https:\/\/sagedijital.com\/halim\/wp-content\/uploads\/2025\/03\/hali-yikama.png\" alt=\"End\u00fcstriyel Hal\u0131 Y\u0131kama\">\n                                    <\/a><!-- .elementskit-entry-thumb END -->\n                                <\/div>\n                            \n                            <div class=\"col-md-6 order-2\">\n                                <div class=\"elementskit-post-body \">\n                                    <div class=\"elementskit-entry-header\">\n                                        \n                                                                                            \t\t\t\t\t                                            \n                                            \n                                                                                            \t\t\t\t<h2 class=\"entry-title\">\n\t\t\t\t\t<a href=\"https:\/\/sagedijital.com\/halim\/2025\/03\/16\/endustriyel-hali-yikama\/\">\n\t\t\t\t\t\tEnd\u00fcstriyel Hal\u0131 Y\u0131kama\t\t\t\t\t<\/a>\n\t\t\t\t<\/h2>\n\t\t\t                                                                                <\/div><!-- .elementskit-entry-header END -->\n\n                                                                            <div class=\"elementskit-post-footer\">\n                                                                                            <p>End\u00fcstriyel Hal\u0131 Y\u0131kama hizmetimiz hakk\u0131nda detayl\u0131 bilgi almak i\u00e7in bizimle ileti\u015fime ge\u00e7in.<\/p>\n                                                                                                                                <\/div><!-- .elementskit-post-footer END -->\n                                                                    <\/div><!-- .elementskit-post-body END -->\n                            <\/div>\n                        <\/div>\n                    <\/div><!-- .elementskit-blog-block-post .radius .gradient-bg END -->\n                \n            <\/div>\n                    <div class=\"col-md-12\">\n\n                                    <div class=\"elementskit-blog-block-post\">\n                        <div class=\"row no-gutters\">\n                                                            <div class=\"col-md-6 order-1\">\n                                    <a href=\"https:\/\/sagedijital.com\/halim\/2025\/03\/16\/antibakteriyel-ve-leke-cikarma-hizmetleri\/\" class=\"elementskit-entry-thumb\">\n                                        <img decoding=\"async\" src=\"https:\/\/sagedijital.com\/halim\/wp-content\/uploads\/2025\/03\/cng9m.jpeg\" alt=\"Antibakteriyel ve Leke \u00c7\u0131karma Hizmetleri\">\n                                    <\/a><!-- .elementskit-entry-thumb END -->\n                                <\/div>\n                            \n                            <div class=\"col-md-6 order-2\">\n                                <div class=\"elementskit-post-body \">\n                                    <div class=\"elementskit-entry-header\">\n                                        \n                                                                                            \t\t\t\t\t                                            \n                                            \n                                                                                            \t\t\t\t<h2 class=\"entry-title\">\n\t\t\t\t\t<a href=\"https:\/\/sagedijital.com\/halim\/2025\/03\/16\/antibakteriyel-ve-leke-cikarma-hizmetleri\/\">\n\t\t\t\t\t\tAntibakteriyel ve Leke \u00c7\u0131karma Hizmetleri\t\t\t\t\t<\/a>\n\t\t\t\t<\/h2>\n\t\t\t                                                                                <\/div><!-- .elementskit-entry-header END -->\n\n                                                                            <div class=\"elementskit-post-footer\">\n                                                                                            <p>Antibakteriyel ve Leke \u00c7\u0131karma Hizmetleri hizmetimiz hakk\u0131nda detayl\u0131 bilgi almak i\u00e7in bizimle ileti\u015fime ge\u00e7in.<\/p>\n                                                                                                                                <\/div><!-- .elementskit-post-footer END -->\n                                                                    <\/div><!-- .elementskit-post-body END -->\n                            <\/div>\n                        <\/div>\n                    <\/div><!-- .elementskit-blog-block-post .radius .gradient-bg END -->\n                \n            <\/div>\n                <\/div>\n       <\/div>\t\t\t\t<\/div>\n\t\t\t\t<\/div>\n\t\t\t\t\t<\/div>\n\t\t<\/div>\n\t\t\t\t\t<\/div>\n\t\t<\/section>\n\t\t\t\t<\/div>\n\t\t","protected":false},"excerpt":{"rendered":"<p>Blog \u0130pek ve El Dokuma Hal\u0131 Y\u0131kama \u0130pek ve El Dokuma Hal\u0131 Y\u0131kama hizmetimiz hakk\u0131nda detayl\u0131 bilgi almak i\u00e7in bizimle ileti\u015fime ge\u00e7in. End\u00fcstriyel Hal\u0131 Y\u0131kama End\u00fcstriyel Hal\u0131 Y\u0131kama hizmetimiz hakk\u0131nda detayl\u0131 bilgi almak i\u00e7in bizimle ileti\u015fime ge\u00e7in. Antibakteriyel ve Leke \u00c7\u0131karma Hizmetleri Antibakteriyel ve Leke \u00c7\u0131karma Hizmetleri hizmetimiz hakk\u0131nda detayl\u0131 bilgi almak i\u00e7in bizimle ileti\u015fime [&hellip;]<\/p>\n","protected":false},"author":1,"featured_media":0,"parent":0,"menu_order":0,"comment_status":"closed","ping_status":"closed","template":"","meta":{"footnotes":""},"class_list":["post-17","page","type-page","status-publish","hentry"],"_links":{"self":[{"href":"https:\/\/sagedijital.com\/halim\/wp-json\/wp\/v2\/pages\/17","targetHints":{"allow":["GET"]}}],"collection":[{"href":"https:\/\/sagedijital.com\/halim\/wp-json\/wp\/v2\/pages"}],"about":[{"href":"https:\/\/sagedijital.com\/halim\/wp-json\/wp\/v2\/types\/page"}],"author":[{"embeddable":true,"href":"https:\/\/sagedijital.com\/halim\/wp-json\/wp\/v2\/users\/1"}],"replies":[{"embeddable":true,"href":"https:\/\/sagedijital.com\/halim\/wp-json\/wp\/v2\/comments?post=17"}],"version-history":[{"count":9,"href":"https:\/\/sagedijital.com\/halim\/wp-json\/wp\/v2\/pages\/17\/revisions"}],"predecessor-version":[{"id":602,"href":"https:\/\/sagedijital.com\/halim\/wp-json\/wp\/v2\/pages\/17\/revisions\/602"}],"wp:attachment":[{"href":"https:\/\/sagedijital.com\/halim\/wp-json\/wp\/v2\/media?parent=17"}],"curies":[{"name":"wp","href":"https:\/\/api.w.org\/{rel}","templated":true}]}}