{"id":18,"date":"2025-03-16T18:29:50","date_gmt":"2025-03-16T18:29:50","guid":{"rendered":"https:\/\/sagedijital.com\/halim\/sss\/"},"modified":"2025-03-17T17:48:53","modified_gmt":"2025-03-17T17:48:53","slug":"sss","status":"publish","type":"page","link":"https:\/\/sagedijital.com\/halim\/sss\/","title":{"rendered":"SSS"},"content":{"rendered":"\t\t<div data-elementor-type=\"wp-page\" data-elementor-id=\"18\" class=\"elementor elementor-18\" data-elementor-post-type=\"page\">\n\t\t\t\t\t\t<section class=\"elementor-section elementor-top-section elementor-element elementor-element-ab3d6da elementor-section-boxed elementor-section-height-default elementor-section-height-default\" data-id=\"ab3d6da\" data-element_type=\"section\" data-settings=\"{&quot;background_background&quot;:&quot;gradient&quot;}\">\n\t\t\t\t\t\t<div class=\"elementor-container elementor-column-gap-default\">\n\t\t\t\t\t<div class=\"elementor-column elementor-col-100 elementor-top-column elementor-element elementor-element-0f6942e\" data-id=\"0f6942e\" data-element_type=\"column\">\n\t\t\t<div class=\"elementor-widget-wrap elementor-element-populated\">\n\t\t\t\t\t\t<div class=\"elementor-element elementor-element-34ba932 elementor-widget elementor-widget-heading\" data-id=\"34ba932\" data-element_type=\"widget\" data-widget_type=\"heading.default\">\n\t\t\t\t<div class=\"elementor-widget-container\">\n\t\t\t\t\t<h2 class=\"elementor-heading-title elementor-size-default\">S\u0131k Sorulan Sorular<\/h2>\t\t\t\t<\/div>\n\t\t\t\t<\/div>\n\t\t\t\t\t<\/div>\n\t\t<\/div>\n\t\t\t\t\t<\/div>\n\t\t<\/section>\n\t\t\t\t<section class=\"elementor-section elementor-top-section elementor-element elementor-element-94a7a95 elementor-section-boxed elementor-section-height-default elementor-section-height-default\" data-id=\"94a7a95\" data-element_type=\"section\">\n\t\t\t\t\t\t<div class=\"elementor-container elementor-column-gap-default\">\n\t\t\t\t\t<div class=\"elementor-column elementor-col-100 elementor-top-column elementor-element elementor-element-b1225c4\" data-id=\"b1225c4\" data-element_type=\"column\">\n\t\t\t<div class=\"elementor-widget-wrap elementor-element-populated\">\n\t\t\t\t\t\t<div class=\"elementor-element elementor-element-ae239cb elementor-widget elementor-widget-elementskit-faq\" data-id=\"ae239cb\" data-element_type=\"widget\" data-widget_type=\"elementskit-faq.default\">\n\t\t\t\t<div class=\"elementor-widget-container\">\n\t\t\t\t\t<div class=\"ekit-wid-con\" >\n                <div class=\"elementskit-single-faq elementor-repeater-item-217c07b\">\n            <div class=\"elementskit-faq-header\">\n                <h2 class=\"elementskit-faq-title\">Hal\u0131m Hal\u0131 Y\u0131kama hangi b\u00f6lgelerde hizmet veriyor?<\/h2>\n            <\/div>\n            <div class=\"elementskit-faq-body\">\n                Hal\u0131m Hal\u0131 Y\u0131kama, \u0130stanbul'un t\u00fcm il\u00e7e ve semtlerine profesyonel hal\u0131 y\u0131kama hizmeti sunmaktad\u0131r.\n\n            <\/div>\n        <\/div>\n                <div class=\"elementskit-single-faq elementor-repeater-item-08f2946\">\n            <div class=\"elementskit-faq-header\">\n                <h2 class=\"elementskit-faq-title\">Hal\u0131m Hal\u0131 Y\u0131kama hangi b\u00f6lgelerde hizmet veriyor?<\/h2>\n            <\/div>\n            <div class=\"elementskit-faq-body\">\n                Hal\u0131m Hal\u0131 Y\u0131kama, \u0130stanbul'un t\u00fcm il\u00e7e ve semtlerine profesyonel hal\u0131 y\u0131kama hizmeti sunmaktad\u0131r.\n\n            <\/div>\n        <\/div>\n                <div class=\"elementskit-single-faq elementor-repeater-item-9f93952\">\n            <div class=\"elementskit-faq-header\">\n                <h2 class=\"elementskit-faq-title\">Hal\u0131m Hal\u0131 Y\u0131kama hangi b\u00f6lgelerde hizmet veriyor?<\/h2>\n            <\/div>\n            <div class=\"elementskit-faq-body\">\n                Hal\u0131m Hal\u0131 Y\u0131kama, \u0130stanbul'un t\u00fcm il\u00e7e ve semtlerine profesyonel hal\u0131 y\u0131kama hizmeti sunmaktad\u0131r.\n\n            <\/div>\n        <\/div>\n                                <script type=\"application\/ld+json\">{\"@context\":\"https:\/\/schema.org\",\"@type\":\"FAQPage\",\"mainEntity\":[{\"@type\":\"Question\",\"name\":\"Hal\u0131m Hal\u0131 Y\u0131kama hangi b\u00f6lgelerde hizmet veriyor?\",\"acceptedAnswer\":{\"@type\":\"Answer\",\"text\":\"Hal\u0131m Hal\u0131 Y\u0131kama, \u0130stanbul'un t\u00fcm il\u00e7e ve semtlerine profesyonel hal\u0131 y\u0131kama hizmeti sunmaktad\u0131r.\\n\\n\"}},{\"@type\":\"Question\",\"name\":\"Hal\u0131m Hal\u0131 Y\u0131kama hangi b\u00f6lgelerde hizmet veriyor?\",\"acceptedAnswer\":{\"@type\":\"Answer\",\"text\":\"Hal\u0131m Hal\u0131 Y\u0131kama, \u0130stanbul'un t\u00fcm il\u00e7e ve semtlerine profesyonel hal\u0131 y\u0131kama hizmeti sunmaktad\u0131r.\\n\\n\"}},{\"@type\":\"Question\",\"name\":\"Hal\u0131m Hal\u0131 Y\u0131kama hangi b\u00f6lgelerde hizmet veriyor?\",\"acceptedAnswer\":{\"@type\":\"Answer\",\"text\":\"Hal\u0131m Hal\u0131 Y\u0131kama, \u0130stanbul'un t\u00fcm il\u00e7e ve semtlerine profesyonel hal\u0131 y\u0131kama hizmeti sunmaktad\u0131r.\\n\\n\"}}]}<\/script>\n                \n    <\/div>\t\t\t\t<\/div>\n\t\t\t\t<\/div>\n\t\t\t\t\t<\/div>\n\t\t<\/div>\n\t\t\t\t\t<\/div>\n\t\t<\/section>\n\t\t\t\t<\/div>\n\t\t","protected":false},"excerpt":{"rendered":"<p>S\u0131k Sorulan Sorular Hal\u0131m Hal\u0131 Y\u0131kama hangi b\u00f6lgelerde hizmet veriyor? Hal\u0131m Hal\u0131 Y\u0131kama, \u0130stanbul&#8217;un t\u00fcm il\u00e7e ve semtlerine profesyonel hal\u0131 y\u0131kama hizmeti sunmaktad\u0131r. Hal\u0131m Hal\u0131 Y\u0131kama hangi b\u00f6lgelerde hizmet veriyor? Hal\u0131m Hal\u0131 Y\u0131kama, \u0130stanbul&#8217;un t\u00fcm il\u00e7e ve semtlerine profesyonel hal\u0131 y\u0131kama hizmeti sunmaktad\u0131r. Hal\u0131m Hal\u0131 Y\u0131kama hangi b\u00f6lgelerde hizmet veriyor? Hal\u0131m Hal\u0131 Y\u0131kama, \u0130stanbul&#8217;un t\u00fcm [&hellip;]<\/p>\n","protected":false},"author":1,"featured_media":0,"parent":0,"menu_order":0,"comment_status":"closed","ping_status":"closed","template":"","meta":{"footnotes":""},"class_list":["post-18","page","type-page","status-publish","hentry"],"_links":{"self":[{"href":"https:\/\/sagedijital.com\/halim\/wp-json\/wp\/v2\/pages\/18","targetHints":{"allow":["GET"]}}],"collection":[{"href":"https:\/\/sagedijital.com\/halim\/wp-json\/wp\/v2\/pages"}],"about":[{"href":"https:\/\/sagedijital.com\/halim\/wp-json\/wp\/v2\/types\/page"}],"author":[{"embeddable":true,"href":"https:\/\/sagedijital.com\/halim\/wp-json\/wp\/v2\/users\/1"}],"replies":[{"embeddable":true,"href":"https:\/\/sagedijital.com\/halim\/wp-json\/wp\/v2\/comments?post=18"}],"version-history":[{"count":12,"href":"https:\/\/sagedijital.com\/halim\/wp-json\/wp\/v2\/pages\/18\/revisions"}],"predecessor-version":[{"id":614,"href":"https:\/\/sagedijital.com\/halim\/wp-json\/wp\/v2\/pages\/18\/revisions\/614"}],"wp:attachment":[{"href":"https:\/\/sagedijital.com\/halim\/wp-json\/wp\/v2\/media?parent=18"}],"curies":[{"name":"wp","href":"https:\/\/api.w.org\/{rel}","templated":true}]}}