{"id":15,"date":"2025-07-05T17:44:19","date_gmt":"2025-07-05T17:44:19","guid":{"rendered":"https:\/\/sagedijital.com\/kurumsalx1\/ic-acilir-cam-balkon\/"},"modified":"2025-07-06T14:08:53","modified_gmt":"2025-07-06T14:08:53","slug":"ic-acilir-cam-balkon","status":"publish","type":"page","link":"https:\/\/sagedijital.com\/kurumsalx1\/ic-acilir-cam-balkon\/","title":{"rendered":"\u0130\u00e7 A\u00e7\u0131l\u0131r Cam Balkon"},"content":{"rendered":"\n<p>DEMO \u0130\u00c7ER\u0130K<\/p>\n","protected":false},"excerpt":{"rendered":"<p>DEMO \u0130\u00c7ER\u0130K<\/p>\n","protected":false},"author":1,"featured_media":0,"parent":0,"menu_order":0,"comment_status":"closed","ping_status":"closed","template":"","meta":{"footnotes":""},"class_list":["post-15","page","type-page","status-publish","hentry"],"_links":{"self":[{"href":"https:\/\/sagedijital.com\/kurumsalx1\/wp-json\/wp\/v2\/pages\/15","targetHints":{"allow":["GET"]}}],"collection":[{"href":"https:\/\/sagedijital.com\/kurumsalx1\/wp-json\/wp\/v2\/pages"}],"about":[{"href":"https:\/\/sagedijital.com\/kurumsalx1\/wp-json\/wp\/v2\/types\/page"}],"author":[{"embeddable":true,"href":"https:\/\/sagedijital.com\/kurumsalx1\/wp-json\/wp\/v2\/users\/1"}],"replies":[{"embeddable":true,"href":"https:\/\/sagedijital.com\/kurumsalx1\/wp-json\/wp\/v2\/comments?post=15"}],"version-history":[{"count":2,"href":"https:\/\/sagedijital.com\/kurumsalx1\/wp-json\/wp\/v2\/pages\/15\/revisions"}],"predecessor-version":[{"id":356,"href":"https:\/\/sagedijital.com\/kurumsalx1\/wp-json\/wp\/v2\/pages\/15\/revisions\/356"}],"wp:attachment":[{"href":"https:\/\/sagedijital.com\/kurumsalx1\/wp-json\/wp\/v2\/media?parent=15"}],"curies":[{"name":"wp","href":"https:\/\/api.w.org\/{rel}","templated":true}]}}