{"id":169,"date":"2025-07-09T00:29:41","date_gmt":"2025-07-09T00:29:41","guid":{"rendered":"https:\/\/sagedijital.com\/odaplus\/?page_id=169"},"modified":"2025-07-09T14:17:13","modified_gmt":"2025-07-09T14:17:13","slug":"blog","status":"publish","type":"page","link":"https:\/\/sagedijital.com\/odaplus\/blog\/","title":{"rendered":"Blog"},"content":{"rendered":"\t\t<div data-elementor-type=\"wp-page\" data-elementor-id=\"169\" class=\"elementor elementor-169\" data-elementor-post-type=\"page\">\n\t\t\t\t\t\t<section class=\"elementor-section elementor-top-section elementor-element elementor-element-975e046 elementor-section-stretched elementor-section-boxed elementor-section-height-default elementor-section-height-default\" data-id=\"975e046\" data-element_type=\"section\" data-settings=\"{&quot;stretch_section&quot;:&quot;section-stretched&quot;,&quot;background_background&quot;:&quot;gradient&quot;}\">\n\t\t\t\t\t\t<div class=\"elementor-container elementor-column-gap-default\">\n\t\t\t\t\t<div class=\"elementor-column elementor-col-100 elementor-top-column elementor-element elementor-element-3624c1d\" data-id=\"3624c1d\" data-element_type=\"column\">\n\t\t\t<div class=\"elementor-widget-wrap elementor-element-populated\">\n\t\t\t\t\t\t\t<\/div>\n\t\t<\/div>\n\t\t\t\t\t<\/div>\n\t\t<\/section>\n\t\t\t\t<section class=\"elementor-section elementor-top-section elementor-element elementor-element-4254d15 elementor-section-boxed elementor-section-height-default elementor-section-height-default\" data-id=\"4254d15\" data-element_type=\"section\">\n\t\t\t\t\t\t<div class=\"elementor-container elementor-column-gap-default\">\n\t\t\t\t\t<div class=\"elementor-column elementor-col-100 elementor-top-column elementor-element elementor-element-c058814\" data-id=\"c058814\" data-element_type=\"column\">\n\t\t\t<div class=\"elementor-widget-wrap elementor-element-populated\">\n\t\t\t\t\t\t<div class=\"elementor-element elementor-element-57acf5a elementor-grid-4 elementor-posts--align-center elementor-grid-tablet-2 elementor-grid-mobile-1 elementor-posts--thumbnail-top elementor-widget elementor-widget-posts\" data-id=\"57acf5a\" data-element_type=\"widget\" data-settings=\"{&quot;classic_columns&quot;:&quot;4&quot;,&quot;classic_columns_tablet&quot;:&quot;2&quot;,&quot;classic_columns_mobile&quot;:&quot;1&quot;,&quot;classic_row_gap&quot;:{&quot;unit&quot;:&quot;px&quot;,&quot;size&quot;:35,&quot;sizes&quot;:[]},&quot;classic_row_gap_tablet&quot;:{&quot;unit&quot;:&quot;px&quot;,&quot;size&quot;:&quot;&quot;,&quot;sizes&quot;:[]},&quot;classic_row_gap_mobile&quot;:{&quot;unit&quot;:&quot;px&quot;,&quot;size&quot;:&quot;&quot;,&quot;sizes&quot;:[]}}\" data-widget_type=\"posts.classic\">\n\t\t\t\t<div class=\"elementor-widget-container\">\n\t\t\t\t\t\t\t<div class=\"elementor-posts-container elementor-posts elementor-posts--skin-classic elementor-grid\" role=\"list\">\n\t\t\t\t<article class=\"elementor-post elementor-grid-item post-393 post type-post status-publish format-standard has-post-thumbnail hentry category-blog\" role=\"listitem\">\n\t\t\t\t<a class=\"elementor-post__thumbnail__link\" href=\"https:\/\/sagedijital.com\/odaplus\/aylik-oda-kiralarken-butcenizi-nasil-optimize-edersiniz\/\" tabindex=\"-1\" >\n\t\t\t<div class=\"elementor-post__thumbnail\"><img fetchpriority=\"high\" decoding=\"async\" width=\"300\" height=\"200\" src=\"https:\/\/sagedijital.com\/odaplus\/wp-content\/uploads\/2025\/07\/side_antik_kenti_drone_cekim_manzarasi-300x200.jpg\" class=\"attachment-medium size-medium wp-image-274\" alt=\"\" srcset=\"https:\/\/sagedijital.com\/odaplus\/wp-content\/uploads\/2025\/07\/side_antik_kenti_drone_cekim_manzarasi-300x200.jpg 300w, https:\/\/sagedijital.com\/odaplus\/wp-content\/uploads\/2025\/07\/side_antik_kenti_drone_cekim_manzarasi-1024x683.jpg 1024w, https:\/\/sagedijital.com\/odaplus\/wp-content\/uploads\/2025\/07\/side_antik_kenti_drone_cekim_manzarasi-768x512.jpg 768w, https:\/\/sagedijital.com\/odaplus\/wp-content\/uploads\/2025\/07\/side_antik_kenti_drone_cekim_manzarasi-1536x1024.jpg 1536w, https:\/\/sagedijital.com\/odaplus\/wp-content\/uploads\/2025\/07\/side_antik_kenti_drone_cekim_manzarasi.jpg 1920w\" sizes=\"(max-width: 300px) 100vw, 300px\" \/><\/div>\n\t\t<\/a>\n\t\t\t\t<div class=\"elementor-post__text\">\n\t\t\t\t<h3 class=\"elementor-post__title\">\n\t\t\t<a href=\"https:\/\/sagedijital.com\/odaplus\/aylik-oda-kiralarken-butcenizi-nasil-optimize-edersiniz\/\" >\n\t\t\t\tAyl\u0131k Oda Kiralarken B\u00fct\u00e7enizi Nas\u0131l Optimize Edersiniz?\t\t\t<\/a>\n\t\t<\/h3>\n\t\t\t\t<\/div>\n\t\t\t\t<\/article>\n\t\t\t\t<article class=\"elementor-post elementor-grid-item post-391 post type-post status-publish format-standard has-post-thumbnail hentry category-blog\" role=\"listitem\">\n\t\t\t\t<a class=\"elementor-post__thumbnail__link\" href=\"https:\/\/sagedijital.com\/odaplus\/oda-plus-ile-hizli-ve-guvenli-rezervasyon-nasil-yapilir\/\" tabindex=\"-1\" >\n\t\t\t<div class=\"elementor-post__thumbnail\"><img decoding=\"async\" width=\"300\" height=\"225\" src=\"https:\/\/sagedijital.com\/odaplus\/wp-content\/uploads\/2025\/07\/oda-dekorasyonu-fikirleri-main-min-7-300x225.jpg\" class=\"attachment-medium size-medium wp-image-33\" alt=\"\" srcset=\"https:\/\/sagedijital.com\/odaplus\/wp-content\/uploads\/2025\/07\/oda-dekorasyonu-fikirleri-main-min-7-300x225.jpg 300w, https:\/\/sagedijital.com\/odaplus\/wp-content\/uploads\/2025\/07\/oda-dekorasyonu-fikirleri-main-min-7-1024x768.jpg 1024w, https:\/\/sagedijital.com\/odaplus\/wp-content\/uploads\/2025\/07\/oda-dekorasyonu-fikirleri-main-min-7-768x576.jpg 768w, https:\/\/sagedijital.com\/odaplus\/wp-content\/uploads\/2025\/07\/oda-dekorasyonu-fikirleri-main-min-7.jpg 1300w\" sizes=\"(max-width: 300px) 100vw, 300px\" \/><\/div>\n\t\t<\/a>\n\t\t\t\t<div class=\"elementor-post__text\">\n\t\t\t\t<h3 class=\"elementor-post__title\">\n\t\t\t<a href=\"https:\/\/sagedijital.com\/odaplus\/oda-plus-ile-hizli-ve-guvenli-rezervasyon-nasil-yapilir\/\" >\n\t\t\t\tOda Plus \u0130le H\u0131zl\u0131 ve G\u00fcvenli Rezervasyon Nas\u0131l Yap\u0131l\u0131r?\t\t\t<\/a>\n\t\t<\/h3>\n\t\t\t\t<\/div>\n\t\t\t\t<\/article>\n\t\t\t\t<article class=\"elementor-post elementor-grid-item post-389 post type-post status-publish format-standard has-post-thumbnail hentry category-blog\" role=\"listitem\">\n\t\t\t\t<a class=\"elementor-post__thumbnail__link\" href=\"https:\/\/sagedijital.com\/odaplus\/kisa-sureli-konaklamalarda-oda-kiralamanin-avantajlari\/\" tabindex=\"-1\" >\n\t\t\t<div class=\"elementor-post__thumbnail\"><img decoding=\"async\" width=\"300\" height=\"225\" src=\"https:\/\/sagedijital.com\/odaplus\/wp-content\/uploads\/2025\/07\/Assos-Dove-Hotel-Resort-Spa-Genel-311305-300x225.webp\" class=\"attachment-medium size-medium wp-image-46\" alt=\"\" srcset=\"https:\/\/sagedijital.com\/odaplus\/wp-content\/uploads\/2025\/07\/Assos-Dove-Hotel-Resort-Spa-Genel-311305-300x225.webp 300w, https:\/\/sagedijital.com\/odaplus\/wp-content\/uploads\/2025\/07\/Assos-Dove-Hotel-Resort-Spa-Genel-311305-1024x768.webp 1024w, https:\/\/sagedijital.com\/odaplus\/wp-content\/uploads\/2025\/07\/Assos-Dove-Hotel-Resort-Spa-Genel-311305-768x576.webp 768w, https:\/\/sagedijital.com\/odaplus\/wp-content\/uploads\/2025\/07\/Assos-Dove-Hotel-Resort-Spa-Genel-311305-1536x1152.webp 1536w, https:\/\/sagedijital.com\/odaplus\/wp-content\/uploads\/2025\/07\/Assos-Dove-Hotel-Resort-Spa-Genel-311305.webp 1920w\" sizes=\"(max-width: 300px) 100vw, 300px\" \/><\/div>\n\t\t<\/a>\n\t\t\t\t<div class=\"elementor-post__text\">\n\t\t\t\t<h3 class=\"elementor-post__title\">\n\t\t\t<a href=\"https:\/\/sagedijital.com\/odaplus\/kisa-sureli-konaklamalarda-oda-kiralamanin-avantajlari\/\" >\n\t\t\t\tK\u0131sa S\u00fcreli Konaklamalarda Oda Kiralaman\u0131n Avantajlar\u0131\t\t\t<\/a>\n\t\t<\/h3>\n\t\t\t\t<\/div>\n\t\t\t\t<\/article>\n\t\t\t\t<article class=\"elementor-post elementor-grid-item post-387 post type-post status-publish format-standard has-post-thumbnail hentry category-blog\" role=\"listitem\">\n\t\t\t\t<a class=\"elementor-post__thumbnail__link\" href=\"https:\/\/sagedijital.com\/odaplus\/gunluk-kiralik-oda-secerken-nelere-dikkat-etmeli\/\" tabindex=\"-1\" >\n\t\t\t<div class=\"elementor-post__thumbnail\"><img loading=\"lazy\" decoding=\"async\" width=\"300\" height=\"200\" src=\"https:\/\/sagedijital.com\/odaplus\/wp-content\/uploads\/2025\/07\/istockphoto-1499025854-612x612-1-300x200.jpg\" class=\"attachment-medium size-medium wp-image-276\" alt=\"\" srcset=\"https:\/\/sagedijital.com\/odaplus\/wp-content\/uploads\/2025\/07\/istockphoto-1499025854-612x612-1-300x200.jpg 300w, https:\/\/sagedijital.com\/odaplus\/wp-content\/uploads\/2025\/07\/istockphoto-1499025854-612x612-1.jpg 612w\" sizes=\"(max-width: 300px) 100vw, 300px\" \/><\/div>\n\t\t<\/a>\n\t\t\t\t<div class=\"elementor-post__text\">\n\t\t\t\t<h3 class=\"elementor-post__title\">\n\t\t\t<a href=\"https:\/\/sagedijital.com\/odaplus\/gunluk-kiralik-oda-secerken-nelere-dikkat-etmeli\/\" >\n\t\t\t\tG\u00fcnl\u00fck Kiral\u0131k Oda Se\u00e7erken Nelere Dikkat Etmeli?\t\t\t<\/a>\n\t\t<\/h3>\n\t\t\t\t<\/div>\n\t\t\t\t<\/article>\n\t\t\t\t<\/div>\n\t\t\n\t\t\t\t\t\t<\/div>\n\t\t\t\t<\/div>\n\t\t\t\t\t<\/div>\n\t\t<\/div>\n\t\t\t\t\t<\/div>\n\t\t<\/section>\n\t\t\t\t<\/div>\n\t\t","protected":false},"excerpt":{"rendered":"","protected":false},"author":1,"featured_media":0,"parent":0,"menu_order":0,"comment_status":"closed","ping_status":"closed","template":"elementor_header_footer","meta":{"footnotes":""},"class_list":["post-169","page","type-page","status-publish","hentry"],"_links":{"self":[{"href":"https:\/\/sagedijital.com\/odaplus\/wp-json\/wp\/v2\/pages\/169","targetHints":{"allow":["GET"]}}],"collection":[{"href":"https:\/\/sagedijital.com\/odaplus\/wp-json\/wp\/v2\/pages"}],"about":[{"href":"https:\/\/sagedijital.com\/odaplus\/wp-json\/wp\/v2\/types\/page"}],"author":[{"embeddable":true,"href":"https:\/\/sagedijital.com\/odaplus\/wp-json\/wp\/v2\/users\/1"}],"replies":[{"embeddable":true,"href":"https:\/\/sagedijital.com\/odaplus\/wp-json\/wp\/v2\/comments?post=169"}],"version-history":[{"count":7,"href":"https:\/\/sagedijital.com\/odaplus\/wp-json\/wp\/v2\/pages\/169\/revisions"}],"predecessor-version":[{"id":412,"href":"https:\/\/sagedijital.com\/odaplus\/wp-json\/wp\/v2\/pages\/169\/revisions\/412"}],"wp:attachment":[{"href":"https:\/\/sagedijital.com\/odaplus\/wp-json\/wp\/v2\/media?parent=169"}],"curies":[{"name":"wp","href":"https:\/\/api.w.org\/{rel}","templated":true}]}}