{"id":205,"date":"2025-07-07T01:51:45","date_gmt":"2025-07-07T01:51:45","guid":{"rendered":"https:\/\/sagedijital.com\/rehber\/?page_id=205"},"modified":"2025-07-07T20:59:38","modified_gmt":"2025-07-07T20:59:38","slug":"blog","status":"publish","type":"page","link":"https:\/\/sagedijital.com\/rehber\/blog\/","title":{"rendered":"Blog"},"content":{"rendered":"\t\t<div data-elementor-type=\"wp-page\" data-elementor-id=\"205\" class=\"elementor elementor-205\" data-elementor-post-type=\"page\">\n\t\t\t\t\t\t<section class=\"elementor-section elementor-top-section elementor-element elementor-element-e9d28ed elementor-section-stretched elementor-section-boxed elementor-section-height-default elementor-section-height-default\" data-id=\"e9d28ed\" data-element_type=\"section\" data-settings=\"{&quot;stretch_section&quot;:&quot;section-stretched&quot;,&quot;background_background&quot;:&quot;gradient&quot;}\">\n\t\t\t\t\t\t<div class=\"elementor-container elementor-column-gap-default\">\n\t\t\t\t\t<div class=\"elementor-column elementor-col-100 elementor-top-column elementor-element elementor-element-8b48f24\" data-id=\"8b48f24\" data-element_type=\"column\">\n\t\t\t<div class=\"elementor-widget-wrap elementor-element-populated\">\n\t\t\t\t\t\t\t<\/div>\n\t\t<\/div>\n\t\t\t\t\t<\/div>\n\t\t<\/section>\n\t\t\t\t<section class=\"elementor-section elementor-top-section elementor-element elementor-element-b5e5bae elementor-section-boxed elementor-section-height-default elementor-section-height-default\" data-id=\"b5e5bae\" data-element_type=\"section\">\n\t\t\t\t\t\t<div class=\"elementor-container elementor-column-gap-default\">\n\t\t\t\t\t<div class=\"elementor-column elementor-col-100 elementor-top-column elementor-element elementor-element-c924601\" data-id=\"c924601\" data-element_type=\"column\">\n\t\t\t<div class=\"elementor-widget-wrap elementor-element-populated\">\n\t\t\t\t\t\t<div class=\"elementor-element elementor-element-3e1326f elementor-grid-4 elementor-posts--align-center elementor-grid-tablet-2 elementor-grid-mobile-1 elementor-posts--thumbnail-top elementor-widget elementor-widget-posts\" data-id=\"3e1326f\" data-element_type=\"widget\" data-settings=\"{&quot;classic_columns&quot;:&quot;4&quot;,&quot;classic_columns_tablet&quot;:&quot;2&quot;,&quot;classic_columns_mobile&quot;:&quot;1&quot;,&quot;classic_row_gap&quot;:{&quot;unit&quot;:&quot;px&quot;,&quot;size&quot;:35,&quot;sizes&quot;:[]},&quot;classic_row_gap_tablet&quot;:{&quot;unit&quot;:&quot;px&quot;,&quot;size&quot;:&quot;&quot;,&quot;sizes&quot;:[]},&quot;classic_row_gap_mobile&quot;:{&quot;unit&quot;:&quot;px&quot;,&quot;size&quot;:&quot;&quot;,&quot;sizes&quot;:[]}}\" data-widget_type=\"posts.classic\">\n\t\t\t\t<div class=\"elementor-widget-container\">\n\t\t\t\t\t\t\t<div class=\"elementor-posts-container elementor-posts elementor-posts--skin-classic elementor-grid\" role=\"list\">\n\t\t\t\t<article class=\"elementor-post elementor-grid-item post-570 post type-post status-publish format-standard has-post-thumbnail hentry category-blog\" role=\"listitem\">\n\t\t\t\t<a class=\"elementor-post__thumbnail__link\" href=\"https:\/\/sagedijital.com\/rehber\/web-sitesi-performansi-nasil-artirilir\/\" tabindex=\"-1\" >\n\t\t\t<div class=\"elementor-post__thumbnail\"><img decoding=\"async\" width=\"300\" height=\"148\" src=\"https:\/\/sagedijital.com\/rehber\/wp-content\/uploads\/2025\/07\/web-site-performans-analizi-300x148.jpg\" class=\"attachment-medium size-medium wp-image-571\" alt=\"\" srcset=\"https:\/\/sagedijital.com\/rehber\/wp-content\/uploads\/2025\/07\/web-site-performans-analizi-300x148.jpg 300w, https:\/\/sagedijital.com\/rehber\/wp-content\/uploads\/2025\/07\/web-site-performans-analizi-768x378.jpg 768w, https:\/\/sagedijital.com\/rehber\/wp-content\/uploads\/2025\/07\/web-site-performans-analizi.jpg 805w\" sizes=\"(max-width: 300px) 100vw, 300px\" \/><\/div>\n\t\t<\/a>\n\t\t\t\t<div class=\"elementor-post__text\">\n\t\t\t\t<h3 class=\"elementor-post__title\">\n\t\t\t<a href=\"https:\/\/sagedijital.com\/rehber\/web-sitesi-performansi-nasil-artirilir\/\" >\n\t\t\t\tWeb Sitesi Performans\u0131 Nas\u0131l Art\u0131r\u0131l\u0131r?\t\t\t<\/a>\n\t\t<\/h3>\n\t\t\t\t<\/div>\n\t\t\t\t<\/article>\n\t\t\t\t<article class=\"elementor-post elementor-grid-item post-569 post type-post status-publish format-standard has-post-thumbnail hentry category-blog\" role=\"listitem\">\n\t\t\t\t<a class=\"elementor-post__thumbnail__link\" href=\"https:\/\/sagedijital.com\/rehber\/kobiler-icin-butce-dostu-yazilim-cozumleri\/\" tabindex=\"-1\" >\n\t\t\t<div class=\"elementor-post__thumbnail\"><img fetchpriority=\"high\" decoding=\"async\" width=\"300\" height=\"168\" src=\"https:\/\/sagedijital.com\/rehber\/wp-content\/uploads\/2025\/07\/images-8.jpg\" class=\"attachment-medium size-medium wp-image-573\" alt=\"\" \/><\/div>\n\t\t<\/a>\n\t\t\t\t<div class=\"elementor-post__text\">\n\t\t\t\t<h3 class=\"elementor-post__title\">\n\t\t\t<a href=\"https:\/\/sagedijital.com\/rehber\/kobiler-icin-butce-dostu-yazilim-cozumleri\/\" >\n\t\t\t\tKOB\u0130\u2019ler \u0130\u00e7in B\u00fct\u00e7e Dostu Yaz\u0131l\u0131m \u00c7\u00f6z\u00fcmleri\t\t\t<\/a>\n\t\t<\/h3>\n\t\t\t\t<\/div>\n\t\t\t\t<\/article>\n\t\t\t\t<article class=\"elementor-post elementor-grid-item post-568 post type-post status-publish format-standard has-post-thumbnail hentry category-blog\" role=\"listitem\">\n\t\t\t\t<a class=\"elementor-post__thumbnail__link\" href=\"https:\/\/sagedijital.com\/rehber\/2025-yilinda-dijital-pazarlama-trendleri\/\" tabindex=\"-1\" >\n\t\t\t<div class=\"elementor-post__thumbnail\"><img decoding=\"async\" width=\"300\" height=\"200\" src=\"https:\/\/sagedijital.com\/rehber\/wp-content\/uploads\/2025\/07\/dijital-pazarlama-kanallari-1068x713-1-300x200.png\" class=\"attachment-medium size-medium wp-image-577\" alt=\"\" srcset=\"https:\/\/sagedijital.com\/rehber\/wp-content\/uploads\/2025\/07\/dijital-pazarlama-kanallari-1068x713-1-300x200.png 300w, https:\/\/sagedijital.com\/rehber\/wp-content\/uploads\/2025\/07\/dijital-pazarlama-kanallari-1068x713-1-1024x684.png 1024w, https:\/\/sagedijital.com\/rehber\/wp-content\/uploads\/2025\/07\/dijital-pazarlama-kanallari-1068x713-1-768x513.png 768w, https:\/\/sagedijital.com\/rehber\/wp-content\/uploads\/2025\/07\/dijital-pazarlama-kanallari-1068x713-1.png 1068w\" sizes=\"(max-width: 300px) 100vw, 300px\" \/><\/div>\n\t\t<\/a>\n\t\t\t\t<div class=\"elementor-post__text\">\n\t\t\t\t<h3 class=\"elementor-post__title\">\n\t\t\t<a href=\"https:\/\/sagedijital.com\/rehber\/2025-yilinda-dijital-pazarlama-trendleri\/\" >\n\t\t\t\t2025 Y\u0131l\u0131nda Dijital Pazarlama Trendleri\t\t\t<\/a>\n\t\t<\/h3>\n\t\t\t\t<\/div>\n\t\t\t\t<\/article>\n\t\t\t\t<article class=\"elementor-post elementor-grid-item post-567 post type-post status-publish format-standard has-post-thumbnail hentry category-blog\" role=\"listitem\">\n\t\t\t\t<a class=\"elementor-post__thumbnail__link\" href=\"https:\/\/sagedijital.com\/rehber\/kurumsal-kimlik-nasil-olusturulur\/\" tabindex=\"-1\" >\n\t\t\t<div class=\"elementor-post__thumbnail\"><img loading=\"lazy\" decoding=\"async\" width=\"300\" height=\"181\" src=\"https:\/\/sagedijital.com\/rehber\/wp-content\/uploads\/2025\/07\/Kurumsal-firma-ozellikleri-300x181.jpg\" class=\"attachment-medium size-medium wp-image-575\" alt=\"\" srcset=\"https:\/\/sagedijital.com\/rehber\/wp-content\/uploads\/2025\/07\/Kurumsal-firma-ozellikleri-300x181.jpg 300w, https:\/\/sagedijital.com\/rehber\/wp-content\/uploads\/2025\/07\/Kurumsal-firma-ozellikleri-768x463.jpg 768w, https:\/\/sagedijital.com\/rehber\/wp-content\/uploads\/2025\/07\/Kurumsal-firma-ozellikleri.jpg 797w\" sizes=\"(max-width: 300px) 100vw, 300px\" \/><\/div>\n\t\t<\/a>\n\t\t\t\t<div class=\"elementor-post__text\">\n\t\t\t\t<h3 class=\"elementor-post__title\">\n\t\t\t<a href=\"https:\/\/sagedijital.com\/rehber\/kurumsal-kimlik-nasil-olusturulur\/\" >\n\t\t\t\tKurumsal Kimlik Nas\u0131l Olu\u015fturulur?\t\t\t<\/a>\n\t\t<\/h3>\n\t\t\t\t<\/div>\n\t\t\t\t<\/article>\n\t\t\t\t<\/div>\n\t\t\n\t\t\t\t\t\t<\/div>\n\t\t\t\t<\/div>\n\t\t\t\t\t<\/div>\n\t\t<\/div>\n\t\t\t\t\t<\/div>\n\t\t<\/section>\n\t\t\t\t<\/div>\n\t\t","protected":false},"excerpt":{"rendered":"","protected":false},"author":1,"featured_media":0,"parent":0,"menu_order":0,"comment_status":"closed","ping_status":"closed","template":"elementor_header_footer","meta":{"footnotes":""},"class_list":["post-205","page","type-page","status-publish","hentry"],"_links":{"self":[{"href":"https:\/\/sagedijital.com\/rehber\/wp-json\/wp\/v2\/pages\/205","targetHints":{"allow":["GET"]}}],"collection":[{"href":"https:\/\/sagedijital.com\/rehber\/wp-json\/wp\/v2\/pages"}],"about":[{"href":"https:\/\/sagedijital.com\/rehber\/wp-json\/wp\/v2\/types\/page"}],"author":[{"embeddable":true,"href":"https:\/\/sagedijital.com\/rehber\/wp-json\/wp\/v2\/users\/1"}],"replies":[{"embeddable":true,"href":"https:\/\/sagedijital.com\/rehber\/wp-json\/wp\/v2\/comments?post=205"}],"version-history":[{"count":10,"href":"https:\/\/sagedijital.com\/rehber\/wp-json\/wp\/v2\/pages\/205\/revisions"}],"predecessor-version":[{"id":665,"href":"https:\/\/sagedijital.com\/rehber\/wp-json\/wp\/v2\/pages\/205\/revisions\/665"}],"wp:attachment":[{"href":"https:\/\/sagedijital.com\/rehber\/wp-json\/wp\/v2\/media?parent=205"}],"curies":[{"name":"wp","href":"https:\/\/api.w.org\/{rel}","templated":true}]}}